{"id":1332,"date":"2025-04-07T09:16:27","date_gmt":"2025-04-07T07:16:27","guid":{"rendered":"https:\/\/calrobusto.provesonlinevalles.com\/?page_id=1332"},"modified":"2025-04-29T19:44:32","modified_gmt":"2025-04-29T17:44:32","slug":"reserva-una-ruta-a-caballo","status":"publish","type":"page","link":"https:\/\/calrobusto.provesonlinevalles.com\/fr\/reserva-una-ruta-a-caballo\/","title":{"rendered":"R\u00e9server un itin\u00e9raire \u00e9questre"},"content":{"rendered":"<div data-elementor-type=\"wp-page\" data-elementor-id=\"1332\" class=\"elementor elementor-1332\" data-elementor-post-type=\"page\">\n\t\t\t\t<div class=\"elementor-element elementor-element-250cea7 e-flex e-con-boxed e-con e-parent\" data-id=\"250cea7\" data-element_type=\"container\" data-e-type=\"container\" data-settings=\"{&quot;background_background&quot;:&quot;classic&quot;}\">\n\t\t\t\t\t<div class=\"e-con-inner\">\n\t\t\t\t<div class=\"elementor-element elementor-element-85f471e elementor-widget elementor-widget-heading\" data-id=\"85f471e\" data-element_type=\"widget\" data-e-type=\"widget\" data-widget_type=\"heading.default\">\n\t\t\t\t<div class=\"elementor-widget-container\">\n\t\t\t\t\t<h1 class=\"elementor-heading-title elementor-size-default\">R\u00e9server un itin\u00e9raire \u00e9questre<\/h1>\t\t\t\t<\/div>\n\t\t\t\t<\/div>\n\t\t\t\t\t<\/div>\n\t\t\t\t<\/div>\n\t\t<div class=\"elementor-element elementor-element-3efefb9 e-flex e-con-boxed e-con e-parent\" data-id=\"3efefb9\" data-element_type=\"container\" data-e-type=\"container\">\n\t\t\t\t\t<div class=\"e-con-inner\">\n\t\t\t\t<div class=\"elementor-element elementor-element-9714cd4 elementor-widget elementor-widget-ameliaeventscalendarbooking\" data-id=\"9714cd4\" data-element_type=\"widget\" data-e-type=\"widget\" data-widget_type=\"ameliaeventscalendarbooking.default\">\n\t\t\t\t<div class=\"elementor-widget-container\">\n\t\t\t\t\t<script>\n  if (typeof hasAmeliaEvent === 'undefined') {\n    var hasAmeliaEvent = true;\n  }\n  if (typeof hasEventApiCall === 'undefined' && ('' === '' && '' !== '1')) {\n    var hasEventApiCall = true;\n  }\n  var hasEventShortcode = (typeof hasEventShortcode === 'undefined') ? false : true;\n  var ameliaShortcodeData = (typeof ameliaShortcodeData === 'undefined') ? [] : ameliaShortcodeData;\n  ameliaShortcodeData.push(\n    {\n      'hasApiCall': (typeof hasEventApiCall !== 'undefined') && hasEventApiCall,\n      'trigger': '',\n      'trigger_type': '',\n      'triggered_form': 'ecf',\n      'in_dialog': '',\n      'counter': '1000',\n      'employee': '',\n      'eventId': '',\n      'eventRecurring': 0,\n      'eventTag': \"\",\n      'locationId': \"\"\n    }\n  );\n  var ameliaShortcodeDataTriggered = (typeof ameliaShortcodeDataTriggered === 'undefined') ? [] : ameliaShortcodeDataTriggered;\n  if (ameliaShortcodeData[ameliaShortcodeData.length - 1].trigger !== '') {\n    if (ameliaShortcodeDataTriggered.filter(a => a.counter === ameliaShortcodeData[ameliaShortcodeData.length - 1].counter).length === 0) {\n      ameliaShortcodeDataTriggered.push(ameliaShortcodeData.pop());\n    } else {\n      ameliaShortcodeData.pop()\n    }\n  }\n  if (typeof hasEventApiCall !== 'undefined' && hasEventApiCall) {\n    hasEventApiCall = false;\n  }\n<\/script>\n\n<div\n  id=\"amelia-v2-booking-1000\"\n  class=\"amelia-v2-booking\"\n>\n    <events-calendar-form-wrapper><\/div>\n\t\t\t\t<\/div>\n\t\t\t\t<\/div>\n\t\t\t\t\t<\/div>\n\t\t\t\t<\/div>\n\t\t\t\t<\/div>","protected":false},"excerpt":{"rendered":"<p>R\u00e9server un itin\u00e9raire \u00e9questre<\/p>","protected":false},"author":3,"featured_media":0,"parent":0,"menu_order":0,"comment_status":"closed","ping_status":"closed","template":"elementor_header_footer","meta":{"_acf_changed":false,"footnotes":""},"class_list":["post-1332","page","type-page","status-publish","hentry"],"acf":[],"yoast_head":"<!-- This site is optimized with the Yoast SEO plugin v26.8 - https:\/\/yoast.com\/product\/yoast-seo-wordpress\/ -->\n<title>Reserva una ruta a caballo - Cal Robusto<\/title>\n<meta name=\"robots\" content=\"noindex, follow, max-snippet:-1, max-image-preview:large, max-video-preview:-1\" \/>\n<meta property=\"og:locale\" content=\"fr_FR\" \/>\n<meta property=\"og:type\" content=\"article\" \/>\n<meta property=\"og:title\" content=\"Reserva una ruta a caballo - Cal Robusto\" \/>\n<meta property=\"og:description\" content=\"Reserva una ruta a caballo\" \/>\n<meta property=\"og:url\" content=\"https:\/\/calrobusto.provesonlinevalles.com\/fr\/reserva-una-ruta-a-caballo\/\" \/>\n<meta property=\"og:site_name\" content=\"Cal Robusto\" \/>\n<meta property=\"article:modified_time\" content=\"2025-04-29T17:44:32+00:00\" \/>\n<meta property=\"og:image\" content=\"https:\/\/calrobusto.provesonlinevalles.com\/wp-content\/uploads\/2025\/04\/820A8945-Verbessert-NR-Kopie.jpg\" \/>\n\t<meta property=\"og:image:width\" content=\"2560\" \/>\n\t<meta property=\"og:image:height\" content=\"1707\" \/>\n\t<meta property=\"og:image:type\" content=\"image\/jpeg\" \/>\n<meta name=\"twitter:card\" content=\"summary_large_image\" \/>\n<meta name=\"twitter:label1\" content=\"Dur\u00e9e de lecture estim\u00e9e\" \/>\n\t<meta name=\"twitter:data1\" content=\"1 minute\" \/>\n<script type=\"application\/ld+json\" class=\"yoast-schema-graph\">{\"@context\":\"https:\/\/schema.org\",\"@graph\":[{\"@type\":\"WebPage\",\"@id\":\"https:\/\/calrobusto.provesonlinevalles.com\/reserva-una-ruta-a-caballo\/\",\"url\":\"https:\/\/calrobusto.provesonlinevalles.com\/reserva-una-ruta-a-caballo\/\",\"name\":\"Reserva una ruta a caballo - Cal Robusto\",\"isPartOf\":{\"@id\":\"https:\/\/calrobusto.provesonlinevalles.com\/#website\"},\"datePublished\":\"2025-04-07T07:16:27+00:00\",\"dateModified\":\"2025-04-29T17:44:32+00:00\",\"breadcrumb\":{\"@id\":\"https:\/\/calrobusto.provesonlinevalles.com\/reserva-una-ruta-a-caballo\/#breadcrumb\"},\"inLanguage\":\"fr-FR\",\"potentialAction\":[{\"@type\":\"ReadAction\",\"target\":[\"https:\/\/calrobusto.provesonlinevalles.com\/reserva-una-ruta-a-caballo\/\"]}]},{\"@type\":\"BreadcrumbList\",\"@id\":\"https:\/\/calrobusto.provesonlinevalles.com\/reserva-una-ruta-a-caballo\/#breadcrumb\",\"itemListElement\":[{\"@type\":\"ListItem\",\"position\":1,\"name\":\"Portada\",\"item\":\"https:\/\/calrobusto.provesonlinevalles.com\/\"},{\"@type\":\"ListItem\",\"position\":2,\"name\":\"Reserva una ruta a caballo\"}]},{\"@type\":\"WebSite\",\"@id\":\"https:\/\/calrobusto.provesonlinevalles.com\/#website\",\"url\":\"https:\/\/calrobusto.provesonlinevalles.com\/\",\"name\":\"Cal Robusto\",\"description\":\"\",\"publisher\":{\"@id\":\"https:\/\/calrobusto.provesonlinevalles.com\/#organization\"},\"potentialAction\":[{\"@type\":\"SearchAction\",\"target\":{\"@type\":\"EntryPoint\",\"urlTemplate\":\"https:\/\/calrobusto.provesonlinevalles.com\/?s={search_term_string}\"},\"query-input\":{\"@type\":\"PropertyValueSpecification\",\"valueRequired\":true,\"valueName\":\"search_term_string\"}}],\"inLanguage\":\"fr-FR\"},{\"@type\":\"Organization\",\"@id\":\"https:\/\/calrobusto.provesonlinevalles.com\/#organization\",\"name\":\"Cal Robusto\",\"url\":\"https:\/\/calrobusto.provesonlinevalles.com\/\",\"logo\":{\"@type\":\"ImageObject\",\"inLanguage\":\"fr-FR\",\"@id\":\"https:\/\/calrobusto.provesonlinevalles.com\/#\/schema\/logo\/image\/\",\"url\":\"https:\/\/calrobusto.provesonlinevalles.com\/wp-content\/uploads\/2024\/07\/CAL-ROBUSTO-logo-blanco.png\",\"contentUrl\":\"https:\/\/calrobusto.provesonlinevalles.com\/wp-content\/uploads\/2024\/07\/CAL-ROBUSTO-logo-blanco.png\",\"width\":2826,\"height\":2022,\"caption\":\"Cal Robusto\"},\"image\":{\"@id\":\"https:\/\/calrobusto.provesonlinevalles.com\/#\/schema\/logo\/image\/\"}}]}<\/script>\n<!-- \/ Yoast SEO plugin. -->","yoast_head_json":{"title":"Reserva una ruta a caballo - Cal Robusto","robots":{"index":"noindex","follow":"follow","max-snippet":"max-snippet:-1","max-image-preview":"max-image-preview:large","max-video-preview":"max-video-preview:-1"},"og_locale":"fr_FR","og_type":"article","og_title":"Reserva una ruta a caballo - Cal Robusto","og_description":"Reserva una ruta a caballo","og_url":"https:\/\/calrobusto.provesonlinevalles.com\/fr\/reserva-una-ruta-a-caballo\/","og_site_name":"Cal Robusto","article_modified_time":"2025-04-29T17:44:32+00:00","og_image":[{"width":2560,"height":1707,"url":"https:\/\/calrobusto.provesonlinevalles.com\/wp-content\/uploads\/2025\/04\/820A8945-Verbessert-NR-Kopie.jpg","type":"image\/jpeg"}],"twitter_card":"summary_large_image","twitter_misc":{"Dur\u00e9e de lecture estim\u00e9e":"1 minute"},"schema":{"@context":"https:\/\/schema.org","@graph":[{"@type":"WebPage","@id":"https:\/\/calrobusto.provesonlinevalles.com\/reserva-una-ruta-a-caballo\/","url":"https:\/\/calrobusto.provesonlinevalles.com\/reserva-una-ruta-a-caballo\/","name":"Reserva una ruta a caballo - Cal Robusto","isPartOf":{"@id":"https:\/\/calrobusto.provesonlinevalles.com\/#website"},"datePublished":"2025-04-07T07:16:27+00:00","dateModified":"2025-04-29T17:44:32+00:00","breadcrumb":{"@id":"https:\/\/calrobusto.provesonlinevalles.com\/reserva-una-ruta-a-caballo\/#breadcrumb"},"inLanguage":"fr-FR","potentialAction":[{"@type":"ReadAction","target":["https:\/\/calrobusto.provesonlinevalles.com\/reserva-una-ruta-a-caballo\/"]}]},{"@type":"BreadcrumbList","@id":"https:\/\/calrobusto.provesonlinevalles.com\/reserva-una-ruta-a-caballo\/#breadcrumb","itemListElement":[{"@type":"ListItem","position":1,"name":"Portada","item":"https:\/\/calrobusto.provesonlinevalles.com\/"},{"@type":"ListItem","position":2,"name":"Reserva una ruta a caballo"}]},{"@type":"WebSite","@id":"https:\/\/calrobusto.provesonlinevalles.com\/#website","url":"https:\/\/calrobusto.provesonlinevalles.com\/","name":"Robusto Cal","description":"","publisher":{"@id":"https:\/\/calrobusto.provesonlinevalles.com\/#organization"},"potentialAction":[{"@type":"SearchAction","target":{"@type":"EntryPoint","urlTemplate":"https:\/\/calrobusto.provesonlinevalles.com\/?s={search_term_string}"},"query-input":{"@type":"PropertyValueSpecification","valueRequired":true,"valueName":"search_term_string"}}],"inLanguage":"fr-FR"},{"@type":"Organization","@id":"https:\/\/calrobusto.provesonlinevalles.com\/#organization","name":"Robusto Cal","url":"https:\/\/calrobusto.provesonlinevalles.com\/","logo":{"@type":"ImageObject","inLanguage":"fr-FR","@id":"https:\/\/calrobusto.provesonlinevalles.com\/#\/schema\/logo\/image\/","url":"https:\/\/calrobusto.provesonlinevalles.com\/wp-content\/uploads\/2024\/07\/CAL-ROBUSTO-logo-blanco.png","contentUrl":"https:\/\/calrobusto.provesonlinevalles.com\/wp-content\/uploads\/2024\/07\/CAL-ROBUSTO-logo-blanco.png","width":2826,"height":2022,"caption":"Cal Robusto"},"image":{"@id":"https:\/\/calrobusto.provesonlinevalles.com\/#\/schema\/logo\/image\/"}}]}},"_links":{"self":[{"href":"https:\/\/calrobusto.provesonlinevalles.com\/fr\/wp-json\/wp\/v2\/pages\/1332","targetHints":{"allow":["GET"]}}],"collection":[{"href":"https:\/\/calrobusto.provesonlinevalles.com\/fr\/wp-json\/wp\/v2\/pages"}],"about":[{"href":"https:\/\/calrobusto.provesonlinevalles.com\/fr\/wp-json\/wp\/v2\/types\/page"}],"author":[{"embeddable":true,"href":"https:\/\/calrobusto.provesonlinevalles.com\/fr\/wp-json\/wp\/v2\/users\/3"}],"replies":[{"embeddable":true,"href":"https:\/\/calrobusto.provesonlinevalles.com\/fr\/wp-json\/wp\/v2\/comments?post=1332"}],"version-history":[{"count":10,"href":"https:\/\/calrobusto.provesonlinevalles.com\/fr\/wp-json\/wp\/v2\/pages\/1332\/revisions"}],"predecessor-version":[{"id":1488,"href":"https:\/\/calrobusto.provesonlinevalles.com\/fr\/wp-json\/wp\/v2\/pages\/1332\/revisions\/1488"}],"wp:attachment":[{"href":"https:\/\/calrobusto.provesonlinevalles.com\/fr\/wp-json\/wp\/v2\/media?parent=1332"}],"curies":[{"name":"wp","href":"https:\/\/api.w.org\/{rel}","templated":true}]}}