{"id":91,"date":"2024-07-24T17:17:48","date_gmt":"2024-07-24T17:17:48","guid":{"rendered":"https:\/\/cal-robusto.onlinevalles.club\/?page_id=91"},"modified":"2024-07-25T02:06:35","modified_gmt":"2024-07-25T02:06:35","slug":"declaracion-de-accesibilidad","status":"publish","type":"page","link":"https:\/\/calrobusto.provesonlinevalles.com\/en\/declaracion-de-accesibilidad\/","title":{"rendered":"Accessibility Statement"},"content":{"rendered":"<div data-elementor-type=\"wp-page\" data-elementor-id=\"91\" class=\"elementor elementor-91\" data-elementor-post-type=\"page\">\n\t\t\t\t<div class=\"elementor-element elementor-element-2459a9a0 e-flex e-con-boxed e-con e-parent\" data-id=\"2459a9a0\" data-element_type=\"container\" data-e-type=\"container\" data-settings=\"{&quot;background_background&quot;:&quot;classic&quot;}\">\n\t\t\t\t\t<div class=\"e-con-inner\">\n\t\t\t\t<div class=\"elementor-element elementor-element-78a52752 elementor-widget elementor-widget-heading\" data-id=\"78a52752\" data-element_type=\"widget\" data-e-type=\"widget\" data-widget_type=\"heading.default\">\n\t\t\t\t<div class=\"elementor-widget-container\">\n\t\t\t\t\t<h1 class=\"elementor-heading-title elementor-size-default\">Accessibility statement<\/h1>\t\t\t\t<\/div>\n\t\t\t\t<\/div>\n\t\t\t\t\t<\/div>\n\t\t\t\t<\/div>\n\t\t<div class=\"elementor-element elementor-element-2471ac57 e-flex e-con-boxed e-con e-parent\" data-id=\"2471ac57\" data-element_type=\"container\" data-e-type=\"container\">\n\t\t\t\t\t<div class=\"e-con-inner\">\n\t\t<div class=\"elementor-element elementor-element-94d39a0 e-con-full e-flex e-con e-child\" data-id=\"94d39a0\" data-element_type=\"container\" data-e-type=\"container\">\n\t\t<div class=\"elementor-element elementor-element-6fdf65c2 e-con-full e-flex e-con e-child\" data-id=\"6fdf65c2\" data-element_type=\"container\" data-e-type=\"container\" data-settings=\"{&quot;sticky&quot;:&quot;top&quot;,&quot;sticky_parent&quot;:&quot;yes&quot;,&quot;sticky_offset&quot;:120,&quot;sticky_on&quot;:[&quot;desktop&quot;,&quot;tablet&quot;,&quot;mobile&quot;],&quot;sticky_effects_offset&quot;:0,&quot;sticky_anchor_link_offset&quot;:0}\">\n\t\t\t\t<div class=\"elementor-element elementor-element-33e13544 elementor-widget elementor-widget-heading\" data-id=\"33e13544\" data-element_type=\"widget\" data-e-type=\"widget\" data-widget_type=\"heading.default\">\n\t\t\t\t<div class=\"elementor-widget-container\">\n\t\t\t\t\t<div class=\"elementor-heading-title elementor-size-default\"><a href=\"https:\/\/calrobusto.provesonlinevalles.com\/en\/aviso-legal\/\">Legal Notice<\/a><\/div>\t\t\t\t<\/div>\n\t\t\t\t<\/div>\n\t\t\t\t<div class=\"elementor-element elementor-element-3abf1a13 elementor-widget elementor-widget-heading\" data-id=\"3abf1a13\" data-element_type=\"widget\" data-e-type=\"widget\" data-widget_type=\"heading.default\">\n\t\t\t\t<div class=\"elementor-widget-container\">\n\t\t\t\t\t<div class=\"elementor-heading-title elementor-size-default\"><a href=\"https:\/\/calrobusto.provesonlinevalles.com\/en\/politicas-de-privacidad\/\">Privacy Policies<\/a><\/div>\t\t\t\t<\/div>\n\t\t\t\t<\/div>\n\t\t\t\t<div class=\"elementor-element elementor-element-6dc5f63 elementor-widget elementor-widget-heading\" data-id=\"6dc5f63\" data-element_type=\"widget\" data-e-type=\"widget\" data-widget_type=\"heading.default\">\n\t\t\t\t<div class=\"elementor-widget-container\">\n\t\t\t\t\t<div class=\"elementor-heading-title elementor-size-default\">Cookie Policy<\/div>\t\t\t\t<\/div>\n\t\t\t\t<\/div>\n\t\t\t\t<div class=\"elementor-element elementor-element-5db41f11 elementor-widget elementor-widget-heading\" data-id=\"5db41f11\" data-element_type=\"widget\" data-e-type=\"widget\" data-widget_type=\"heading.default\">\n\t\t\t\t<div class=\"elementor-widget-container\">\n\t\t\t\t\t<div class=\"elementor-heading-title elementor-size-default\">Accessibility statement<\/div>\t\t\t\t<\/div>\n\t\t\t\t<\/div>\n\t\t\t\t<\/div>\n\t\t\t\t<\/div>\n\t\t<div class=\"elementor-element elementor-element-179a4680 e-flex e-con-boxed e-con e-child\" data-id=\"179a4680\" data-element_type=\"container\" data-e-type=\"container\">\n\t\t\t\t\t<div class=\"e-con-inner\">\n\t\t\t\t<div class=\"elementor-element elementor-element-1b496255 elementor-widget elementor-widget-text-editor\" data-id=\"1b496255\" data-element_type=\"widget\" data-e-type=\"widget\" data-widget_type=\"text-editor.default\">\n\t\t\t\t<div class=\"elementor-widget-container\">\n\t\t\t\t\t\t\t\t\t<p><span style=\"font-weight: 400;\">Online Vall\u00e9s is committed to making its website accessible, in accordance with Royal Decree 1112\/2018, of September 7, on the accessibility of websites and mobile applications in the public sector.<\/span><\/p><p><span style=\"font-weight: 400;\">This accessibility statement applies to this website.<\/span><\/p><h2>Compliance status<\/h2><p><span style=\"font-weight: 400;\">This website is developed in accordance with RD 1112\/2018<\/span><\/p><h2>Preparing for the next accessibility statement<\/h2><p><span style=\"font-weight: 400;\">This statement was prepared on May 20, 2023.<\/span><\/p><p><span style=\"font-weight: 400;\">The method used to prepare the declaration was a self-assessment.<\/span><\/p><h2>Comments and contact information<\/h2><p><span style=\"font-weight: 400;\">You can make communications about accessibility requirements (article 10.2.a of RD 1112\/2018) such as:<\/span><\/p><ul><li style=\"font-weight: 400;\" aria-level=\"1\"><span style=\"font-weight: 400;\">Report any potential non-compliance by this website<\/span><\/li><li style=\"font-weight: 400;\" aria-level=\"1\"><span style=\"font-weight: 400;\">Transmit other difficulties in accessing the content<\/span><\/li><li style=\"font-weight: 400;\" aria-level=\"1\"><span style=\"font-weight: 400;\">Make any other query or suggestion for improvement regarding the accessibility of the website through the contact form on this website or through the telephone number 93 768 52 49<\/span><\/li><\/ul><p><span style=\"font-weight: 400;\">You may present:<\/span><\/p><ul><li style=\"font-weight: 400;\" aria-level=\"1\"><span style=\"font-weight: 400;\">Complaint regarding compliance with the requirements of RD 1112\/2018<\/span><\/li><li style=\"font-weight: 400;\" aria-level=\"1\"><span style=\"font-weight: 400;\">Request for accessible information regarding:<\/span><ul><li style=\"font-weight: 400;\" aria-level=\"2\"><span style=\"font-weight: 400;\">Contents that are excluded from the scope of RD 1112\/2018 according to the provisions of article 3, section 4<\/span><\/li><li style=\"font-weight: 400;\" aria-level=\"2\"><span style=\"font-weight: 400;\">Content that is exempt from compliance with accessibility requirements for imposing a disproportionate burden<\/span><\/li><li style=\"font-weight: 400;\" aria-level=\"2\"><span style=\"font-weight: 400;\">In the Request for Accessible Information, the facts, reasons, and the request must be clearly stated to demonstrate that it is a reasonable and legitimate request.<\/span><\/li><\/ul><\/li><\/ul><p><span style=\"font-weight: 400;\">Complaints and claims regarding accessible information will be made through the electronic headquarters (<\/span><a href=\"https:\/\/sede.red.gob.es\/procedimientos\/quejas-y-sugerencias\"><span style=\"font-weight: 400;\">https:\/\/sede.red.gob.es\/procedimientos\/quejas-y-sugerencias<\/span><\/a><span style=\"font-weight: 400;\">), and will be received and processed by the Information Systems area of Red.es.<\/span><\/p><h2>Optional content<\/h2><ul><li style=\"font-weight: 400;\" aria-level=\"1\"><span style=\"font-weight: 400;\">To change the font size in major graphical browsers, use the following menus:<\/span><\/li><li style=\"font-weight: 400;\" aria-level=\"1\"><span style=\"font-weight: 400;\">Safari: View &gt; Make Text Larger<\/span><\/li><li style=\"font-weight: 400;\" aria-level=\"1\"><span style=\"font-weight: 400;\">Chrome: Control the current page &gt; Text size<\/span><\/li><\/ul><p><span style=\"font-weight: 400;\">To resize everything on the page:<\/span><\/p><ul><li style=\"font-weight: 400;\" aria-level=\"1\"><span style=\"font-weight: 400;\">Ctrl++ to increase it<\/span><\/li><li style=\"font-weight: 400;\" aria-level=\"1\"><span style=\"font-weight: 400;\">Ctrl + \u2013 to decrease it<\/span><\/li><li style=\"font-weight: 400;\" aria-level=\"1\"><span style=\"font-weight: 400;\">Ctrl + 0 restores the original text size<\/span><\/li><li style=\"font-weight: 400;\" aria-level=\"1\"><span style=\"font-weight: 400;\">If you want to override the style sheet or change the color of the text, you can consult the WAI&#039;s How to Change Text Size or Colors page, which can be read translated into Spanish at How to change text size or colors?<\/span><\/li><\/ul>\t\t\t\t\t\t\t\t<\/div>\n\t\t\t\t<\/div>\n\t\t\t\t\t<\/div>\n\t\t\t\t<\/div>\n\t\t\t\t\t<\/div>\n\t\t\t\t<\/div>\n\t\t\t\t<\/div>","protected":false},"excerpt":{"rendered":"<p>Accessibility Statement Legal Notice Privacy Policy Cookie Policy Accessibility Statement Online Vall\u00e9s is committed to making its website accessible, in accordance with Royal Decree 1112\/2018, of September 7, on the accessibility of websites and mobile applications in the public sector. This accessibility statement is [\u2026]<\/p>","protected":false},"author":2,"featured_media":0,"parent":0,"menu_order":0,"comment_status":"closed","ping_status":"closed","template":"","meta":{"_acf_changed":false,"footnotes":""},"class_list":["post-91","page","type-page","status-publish","hentry"],"acf":[],"yoast_head":"<!-- This site is optimized with the Yoast SEO plugin v26.8 - https:\/\/yoast.com\/product\/yoast-seo-wordpress\/ -->\n<title>Declaraci\u00f3n de Accesibilidad - Cal Robusto<\/title>\n<meta name=\"robots\" content=\"noindex, follow, max-snippet:-1, max-image-preview:large, max-video-preview:-1\" \/>\n<meta property=\"og:locale\" content=\"en_GB\" \/>\n<meta property=\"og:type\" content=\"article\" \/>\n<meta property=\"og:title\" content=\"Declaraci\u00f3n de Accesibilidad - Cal Robusto\" \/>\n<meta property=\"og:description\" content=\"Declaraci\u00f3n de accesibilidad Aviso Legal Pol\u00edticas de Privacidad Pol\u00edtica de Cookies Declaraci\u00f3n de accesibilidad Online Vall\u00e9s se ha comprometido a hacer accesible su sitio web, de conformidad con el Real Decreto 1112\/2018, de 7 de septiembre, sobre accesibilidad de los sitios web y aplicaciones para dispositivos m\u00f3viles del sector p\u00fablico. Esta declaraci\u00f3n de accesibilidad se [&hellip;]\" \/>\n<meta property=\"og:url\" content=\"https:\/\/calrobusto.provesonlinevalles.com\/en\/declaracion-de-accesibilidad\/\" \/>\n<meta property=\"og:site_name\" content=\"Cal Robusto\" \/>\n<meta property=\"article:modified_time\" content=\"2024-07-25T02:06:35+00:00\" \/>\n<meta property=\"og:image\" content=\"https:\/\/calrobusto.provesonlinevalles.com\/wp-content\/uploads\/2025\/04\/820A8945-Verbessert-NR-Kopie.jpg\" \/>\n\t<meta property=\"og:image:width\" content=\"2560\" \/>\n\t<meta property=\"og:image:height\" content=\"1707\" \/>\n\t<meta property=\"og:image:type\" content=\"image\/jpeg\" \/>\n<meta name=\"twitter:card\" content=\"summary_large_image\" \/>\n<meta name=\"twitter:label1\" content=\"Estimated reading time\" \/>\n\t<meta name=\"twitter:data1\" content=\"2 minutes\" \/>\n<script type=\"application\/ld+json\" class=\"yoast-schema-graph\">{\"@context\":\"https:\/\/schema.org\",\"@graph\":[{\"@type\":\"WebPage\",\"@id\":\"https:\/\/calrobusto.provesonlinevalles.com\/declaracion-de-accesibilidad\/\",\"url\":\"https:\/\/calrobusto.provesonlinevalles.com\/declaracion-de-accesibilidad\/\",\"name\":\"Declaraci\u00f3n de Accesibilidad - Cal Robusto\",\"isPartOf\":{\"@id\":\"https:\/\/calrobusto.provesonlinevalles.com\/#website\"},\"datePublished\":\"2024-07-24T17:17:48+00:00\",\"dateModified\":\"2024-07-25T02:06:35+00:00\",\"breadcrumb\":{\"@id\":\"https:\/\/calrobusto.provesonlinevalles.com\/declaracion-de-accesibilidad\/#breadcrumb\"},\"inLanguage\":\"en-GB\",\"potentialAction\":[{\"@type\":\"ReadAction\",\"target\":[\"https:\/\/calrobusto.provesonlinevalles.com\/declaracion-de-accesibilidad\/\"]}]},{\"@type\":\"BreadcrumbList\",\"@id\":\"https:\/\/calrobusto.provesonlinevalles.com\/declaracion-de-accesibilidad\/#breadcrumb\",\"itemListElement\":[{\"@type\":\"ListItem\",\"position\":1,\"name\":\"Portada\",\"item\":\"https:\/\/calrobusto.provesonlinevalles.com\/\"},{\"@type\":\"ListItem\",\"position\":2,\"name\":\"Declaraci\u00f3n de Accesibilidad\"}]},{\"@type\":\"WebSite\",\"@id\":\"https:\/\/calrobusto.provesonlinevalles.com\/#website\",\"url\":\"https:\/\/calrobusto.provesonlinevalles.com\/\",\"name\":\"Cal Robusto\",\"description\":\"\",\"publisher\":{\"@id\":\"https:\/\/calrobusto.provesonlinevalles.com\/#organization\"},\"potentialAction\":[{\"@type\":\"SearchAction\",\"target\":{\"@type\":\"EntryPoint\",\"urlTemplate\":\"https:\/\/calrobusto.provesonlinevalles.com\/?s={search_term_string}\"},\"query-input\":{\"@type\":\"PropertyValueSpecification\",\"valueRequired\":true,\"valueName\":\"search_term_string\"}}],\"inLanguage\":\"en-GB\"},{\"@type\":\"Organization\",\"@id\":\"https:\/\/calrobusto.provesonlinevalles.com\/#organization\",\"name\":\"Cal Robusto\",\"url\":\"https:\/\/calrobusto.provesonlinevalles.com\/\",\"logo\":{\"@type\":\"ImageObject\",\"inLanguage\":\"en-GB\",\"@id\":\"https:\/\/calrobusto.provesonlinevalles.com\/#\/schema\/logo\/image\/\",\"url\":\"https:\/\/calrobusto.provesonlinevalles.com\/wp-content\/uploads\/2024\/07\/CAL-ROBUSTO-logo-blanco.png\",\"contentUrl\":\"https:\/\/calrobusto.provesonlinevalles.com\/wp-content\/uploads\/2024\/07\/CAL-ROBUSTO-logo-blanco.png\",\"width\":2826,\"height\":2022,\"caption\":\"Cal Robusto\"},\"image\":{\"@id\":\"https:\/\/calrobusto.provesonlinevalles.com\/#\/schema\/logo\/image\/\"}}]}<\/script>\n<!-- \/ Yoast SEO plugin. -->","yoast_head_json":{"title":"Declaraci\u00f3n de Accesibilidad - Cal Robusto","robots":{"index":"noindex","follow":"follow","max-snippet":"max-snippet:-1","max-image-preview":"max-image-preview:large","max-video-preview":"max-video-preview:-1"},"og_locale":"en_GB","og_type":"article","og_title":"Declaraci\u00f3n de Accesibilidad - Cal Robusto","og_description":"Declaraci\u00f3n de accesibilidad Aviso Legal Pol\u00edticas de Privacidad Pol\u00edtica de Cookies Declaraci\u00f3n de accesibilidad Online Vall\u00e9s se ha comprometido a hacer accesible su sitio web, de conformidad con el Real Decreto 1112\/2018, de 7 de septiembre, sobre accesibilidad de los sitios web y aplicaciones para dispositivos m\u00f3viles del sector p\u00fablico. Esta declaraci\u00f3n de accesibilidad se [&hellip;]","og_url":"https:\/\/calrobusto.provesonlinevalles.com\/en\/declaracion-de-accesibilidad\/","og_site_name":"Cal Robusto","article_modified_time":"2024-07-25T02:06:35+00:00","og_image":[{"width":2560,"height":1707,"url":"https:\/\/calrobusto.provesonlinevalles.com\/wp-content\/uploads\/2025\/04\/820A8945-Verbessert-NR-Kopie.jpg","type":"image\/jpeg"}],"twitter_card":"summary_large_image","twitter_misc":{"Estimated reading time":"2 minutes"},"schema":{"@context":"https:\/\/schema.org","@graph":[{"@type":"WebPage","@id":"https:\/\/calrobusto.provesonlinevalles.com\/declaracion-de-accesibilidad\/","url":"https:\/\/calrobusto.provesonlinevalles.com\/declaracion-de-accesibilidad\/","name":"Declaraci\u00f3n de Accesibilidad - Cal Robusto","isPartOf":{"@id":"https:\/\/calrobusto.provesonlinevalles.com\/#website"},"datePublished":"2024-07-24T17:17:48+00:00","dateModified":"2024-07-25T02:06:35+00:00","breadcrumb":{"@id":"https:\/\/calrobusto.provesonlinevalles.com\/declaracion-de-accesibilidad\/#breadcrumb"},"inLanguage":"en-GB","potentialAction":[{"@type":"ReadAction","target":["https:\/\/calrobusto.provesonlinevalles.com\/declaracion-de-accesibilidad\/"]}]},{"@type":"BreadcrumbList","@id":"https:\/\/calrobusto.provesonlinevalles.com\/declaracion-de-accesibilidad\/#breadcrumb","itemListElement":[{"@type":"ListItem","position":1,"name":"Portada","item":"https:\/\/calrobusto.provesonlinevalles.com\/"},{"@type":"ListItem","position":2,"name":"Declaraci\u00f3n de Accesibilidad"}]},{"@type":"WebSite","@id":"https:\/\/calrobusto.provesonlinevalles.com\/#website","url":"https:\/\/calrobusto.provesonlinevalles.com\/","name":"Cal Robusto","description":"","publisher":{"@id":"https:\/\/calrobusto.provesonlinevalles.com\/#organization"},"potentialAction":[{"@type":"SearchAction","target":{"@type":"EntryPoint","urlTemplate":"https:\/\/calrobusto.provesonlinevalles.com\/?s={search_term_string}"},"query-input":{"@type":"PropertyValueSpecification","valueRequired":true,"valueName":"search_term_string"}}],"inLanguage":"en-GB"},{"@type":"Organization","@id":"https:\/\/calrobusto.provesonlinevalles.com\/#organization","name":"Cal Robusto","url":"https:\/\/calrobusto.provesonlinevalles.com\/","logo":{"@type":"ImageObject","inLanguage":"en-GB","@id":"https:\/\/calrobusto.provesonlinevalles.com\/#\/schema\/logo\/image\/","url":"https:\/\/calrobusto.provesonlinevalles.com\/wp-content\/uploads\/2024\/07\/CAL-ROBUSTO-logo-blanco.png","contentUrl":"https:\/\/calrobusto.provesonlinevalles.com\/wp-content\/uploads\/2024\/07\/CAL-ROBUSTO-logo-blanco.png","width":2826,"height":2022,"caption":"Cal Robusto"},"image":{"@id":"https:\/\/calrobusto.provesonlinevalles.com\/#\/schema\/logo\/image\/"}}]}},"_links":{"self":[{"href":"https:\/\/calrobusto.provesonlinevalles.com\/en\/wp-json\/wp\/v2\/pages\/91","targetHints":{"allow":["GET"]}}],"collection":[{"href":"https:\/\/calrobusto.provesonlinevalles.com\/en\/wp-json\/wp\/v2\/pages"}],"about":[{"href":"https:\/\/calrobusto.provesonlinevalles.com\/en\/wp-json\/wp\/v2\/types\/page"}],"author":[{"embeddable":true,"href":"https:\/\/calrobusto.provesonlinevalles.com\/en\/wp-json\/wp\/v2\/users\/2"}],"replies":[{"embeddable":true,"href":"https:\/\/calrobusto.provesonlinevalles.com\/en\/wp-json\/wp\/v2\/comments?post=91"}],"version-history":[{"count":10,"href":"https:\/\/calrobusto.provesonlinevalles.com\/en\/wp-json\/wp\/v2\/pages\/91\/revisions"}],"predecessor-version":[{"id":418,"href":"https:\/\/calrobusto.provesonlinevalles.com\/en\/wp-json\/wp\/v2\/pages\/91\/revisions\/418"}],"wp:attachment":[{"href":"https:\/\/calrobusto.provesonlinevalles.com\/en\/wp-json\/wp\/v2\/media?parent=91"}],"curies":[{"name":"wp","href":"https:\/\/api.w.org\/{rel}","templated":true}]}}